{"id":22,"date":"2022-09-21T20:11:20","date_gmt":"2022-09-21T20:11:20","guid":{"rendered":"https:\/\/spiceacademy.eu\/?page_id=22"},"modified":"2023-03-21T10:04:55","modified_gmt":"2023-03-21T10:04:55","slug":"about","status":"publish","type":"page","link":"https:\/\/spiceacademy.eu\/es\/about\/","title":{"rendered":"Acerca de"},"content":{"rendered":"<div id=\"modal-ready\"><div class=\"vc_row wpb_row vc_row-fluid\"><div class=\"justp wpb_column vc_column_container vc_col-sm-12\"><div class=\"vc_column-inner\"><div class=\"wpb_wrapper\">\n\t<div class=\"wpb_text_column wpb_content_element\" >\n\t\t<div class=\"wpb_wrapper\">\n\t\t\t<p>El paquete de acciones de SpicE tiene como objetivo mejorar la capacidad de los profesores de Educaci\u00f3n Primaria para implementar una ense\u00f1anza STEAM eficaz para proteger a los estudiantes con discapacidades leves (Educaci\u00f3n Especial) contra la exclusi\u00f3n educativa y social. La metodolog\u00eda STEAM se utiliza tanto como medio como prop\u00f3sito para hacer posible un cambio muy necesario en la educaci\u00f3n especial en la educaci\u00f3n primaria, en los niveles de formaci\u00f3n inicial y continua. Se trata de eliminar las barreras para un gran conjunto de alumnos que son marginados discreta, lenta e indirectamente desde las primeras etapas de los sistemas escolares europeos, debido a la falta de competencias STEAM de los profesores y a la ausencia de un v\u00ednculo metodol\u00f3gico (con orientaciones pr\u00e1cticas y curriculares) entre los modelos educativos de STEAM y de educaci\u00f3n especial. El objetivo del proyecto es dise\u00f1ar un marco de competencias STEAM en educaci\u00f3n especial (identificando las carencias en materia de competencias y vincul\u00e1ndolas a los perfiles laborales existentes y a los nuevos), desarrollar un programa educativo (identificando los enfoques did\u00e1cticos adecuados y vinculando las competencias a los objetivos educativos de un plan de estudios), y, por \u00faltimo, desarrollar, pilotar y evaluar el correspondiente programa de formaci\u00f3n en 4 pa\u00edses piloto.<\/p>\n<p>Creemos que las acciones de movilidad de SpicE de profesores en activo y en formaci\u00f3n (12 por pa\u00eds, que participar\u00e1n en 4 sesiones de movilidad f\u00edsica: un total de 48 profesores en intercambio) tendr\u00e1n un profundo impacto en este \u00e1mbito. Las sesiones de movilidad ofrecen una oportunidad \u00fanica de adquirir conocimientos significativos en \u00e1mbitos en los que apenas hay trabajo, o de los que ni siquiera se tiene constancia. Teniendo en cuenta la relaci\u00f3n, generalmente d\u00e9bil, entre las caracter\u00edsticas observables de los profesores y el rendimiento de los alumnos, las acciones de movilidad de SpicE procurar\u00e1n aportar m\u00e1s valor a\u00f1adido y organizar datos metodol\u00f3gicos imprescindibles a partir de situaciones pr\u00e1cticas.<\/p>\n<p>SpicE emplear\u00e1 un enfoque &#8220;desde la comunidad y para la comunidad&#8221;, con el fin de crear y alimentar una Comunidad de Pr\u00e1cticas s\u00f3lida que, con el tiempo, generar\u00e1 una &#8220;Alianza STEAM para la Educaci\u00f3n Especial\u201d, con una estructura permanente.<\/p>\n<p>SpicE es un proyecto cofinanciado por el programa ERASMUS+ de la Uni\u00f3n Europea y tiene una duraci\u00f3n de tres a\u00f1os (06\/2022 &#8211; 06\/2025).<\/p>\n\n\t\t<\/div>\n\t<\/div>\n<\/div><\/div><\/div><\/div>\n<\/div>","protected":false},"excerpt":{"rendered":null,"protected":false},"author":1,"featured_media":0,"parent":0,"menu_order":0,"comment_status":"closed","ping_status":"closed","template":"page-full.php","meta":{"_bbp_topic_count":0,"_bbp_reply_count":0,"_bbp_total_topic_count":0,"_bbp_total_reply_count":0,"_bbp_voice_count":0,"_bbp_anonymous_reply_count":0,"_bbp_topic_count_hidden":0,"_bbp_reply_count_hidden":0,"_bbp_forum_subforum_count":0,"footnotes":""},"_links":{"self":[{"href":"https:\/\/spiceacademy.eu\/es\/wp-json\/wp\/v2\/pages\/22"}],"collection":[{"href":"https:\/\/spiceacademy.eu\/es\/wp-json\/wp\/v2\/pages"}],"about":[{"href":"https:\/\/spiceacademy.eu\/es\/wp-json\/wp\/v2\/types\/page"}],"author":[{"embeddable":true,"href":"https:\/\/spiceacademy.eu\/es\/wp-json\/wp\/v2\/users\/1"}],"replies":[{"embeddable":true,"href":"https:\/\/spiceacademy.eu\/es\/wp-json\/wp\/v2\/comments?post=22"}],"version-history":[{"count":0,"href":"https:\/\/spiceacademy.eu\/es\/wp-json\/wp\/v2\/pages\/22\/revisions"}],"wp:attachment":[{"href":"https:\/\/spiceacademy.eu\/es\/wp-json\/wp\/v2\/media?parent=22"}],"curies":[{"name":"wp","href":"https:\/\/api.w.org\/{rel}","templated":true}]}}