{"id":2,"date":"2022-09-21T19:39:05","date_gmt":"2022-09-21T19:39:05","guid":{"rendered":"https:\/\/spiceacademy.eu\/?page_id=2"},"modified":"2025-08-04T08:52:38","modified_gmt":"2025-08-04T08:52:38","slug":"home","status":"publish","type":"page","link":"https:\/\/spiceacademy.eu\/es\/","title":{"rendered":"Inicio"},"content":{"rendered":"<div id=\"modal-ready\"><div id=\"section-1\" data-vc-full-width=\"true\" data-vc-full-width-init=\"false\" class=\"vc_row wpb_row vc_row-fluid vc_row-o-content-middle vc_row-flex\"><div class=\"wpb_animate_when_almost_visible wpb_slideInLeft slideInLeft wpb_column vc_column_container vc_col-sm-6\"><div class=\"vc_column-inner\"><div class=\"wpb_wrapper\">\n\t<div class=\"wpb_text_column wpb_content_element\" >\n\t\t<div class=\"wpb_wrapper\">\n\t\t\t<h2>Acerca de<\/h2>\n\n\t\t<\/div>\n\t<\/div>\n\n\t<div class=\"wpb_text_column wpb_content_element\" >\n\t\t<div class=\"wpb_wrapper\">\n\t\t\t<p>El paquete de acciones de SpicE tiene como objetivo mejorar la capacidad de los profesores de Educaci\u00f3n Primaria para implementar una ense\u00f1anza STEAM eficaz para proteger a los estudiantes con discapacidades leves (Educaci\u00f3n Especial) contra la exclusi\u00f3n educativa y social. La metodolog\u00eda STEAM se utiliza tanto como medio como prop\u00f3sito para hacer posible un cambio muy necesario en la educaci\u00f3n especial en la educaci\u00f3n primaria, en los niveles de formaci\u00f3n inicial y continua. Se trata de eliminar las barreras para un gran conjunto de alumnos que son marginados discreta, lenta e indirectamente desde las primeras etapas de los sistemas escolares europeos, debido a la falta de competencias STEAM de los profesores y a la ausencia de un v\u00ednculo metodol\u00f3gico (con orientaciones pr\u00e1cticas y curriculares) entre los modelos educativos de STEAM y de educaci\u00f3n especial.<\/p>\n\n\t\t<\/div>\n\t<\/div>\n\n\t<div class=\"wpb_raw_code wpb_content_element wpb_raw_html\" >\n\t\t<div class=\"wpb_wrapper\">\n\t\t\t<a class=\"main-btn\" href=\"https:\/\/spiceacademy.eu\/es\/about\/\">Read More<\/a>\n\t\t<\/div>\n\t<\/div>\n<\/div><\/div><\/div><div class=\"wpb_animate_when_almost_visible wpb_slideInRight slideInRight wpb_column vc_column_container vc_col-sm-6\"><div class=\"vc_column-inner\"><div class=\"wpb_wrapper\">\n\t<div class=\"wpb_video_widget wpb_content_element vc_clearfix   vc_video-aspect-ratio-169 vc_video-el-width-100 vc_video-align-center\" >\n\t\t<div class=\"wpb_wrapper\">\n\t\t\t\n\t\t\t<div class=\"wpb_video_wrapper\"><iframe title=\"SpicE: Special Education STEAM Academy (espa\u00f1ol)\" width=\"500\" height=\"281\" src=\"https:\/\/www.youtube.com\/embed\/Jefqdy2b_iU?feature=oembed\" frameborder=\"0\" allow=\"accelerometer; autoplay; clipboard-write; encrypted-media; gyroscope; picture-in-picture; web-share\" allowfullscreen><\/iframe><\/div>\n\t\t<\/div>\n\t<\/div>\n<\/div><\/div><\/div><\/div><div class=\"vc_row-full-width vc_clearfix\"><\/div><div id=\"section-2\" data-vc-full-width=\"true\" data-vc-full-width-init=\"false\" class=\"vc_row wpb_row vc_row-fluid vc_row-o-content-middle vc_row-flex\"><div class=\"wpb_animate_when_almost_visible wpb_bottom-to-top bottom-to-top wpb_column vc_column_container vc_col-sm-6\"><div class=\"vc_column-inner\"><div class=\"wpb_wrapper\">\n\t<div  class=\"wpb_single_image wpb_content_element vc_align_center\">\n\t\t\n\t\t<figure class=\"wpb_wrapper vc_figure\">\n\t\t\t<div class=\"vc_single_image-wrapper   vc_box_border_grey\"><img width=\"1024\" height=\"683\" src=\"https:\/\/spiceacademy.eu\/wp-content\/uploads\/2023\/02\/c2-1024x683.jpg\" class=\"vc_single_image-img attachment-large\" alt=\"c2\" decoding=\"async\" title=\"c2\" loading=\"lazy\" srcset=\"https:\/\/spiceacademy.eu\/wp-content\/uploads\/2023\/02\/c2-1024x683.jpg 1024w, https:\/\/spiceacademy.eu\/wp-content\/uploads\/2023\/02\/c2-300x200.jpg 300w, https:\/\/spiceacademy.eu\/wp-content\/uploads\/2023\/02\/c2-768x512.jpg 768w, https:\/\/spiceacademy.eu\/wp-content\/uploads\/2023\/02\/c2-1536x1024.jpg 1536w, https:\/\/spiceacademy.eu\/wp-content\/uploads\/2023\/02\/c2-2048x1366.jpg 2048w, https:\/\/spiceacademy.eu\/wp-content\/uploads\/2023\/02\/c2-18x12.jpg 18w\" sizes=\"(max-width: 1024px) 100vw, 1024px\" \/><\/div>\n\t\t<\/figure>\n\t<\/div>\n<\/div><\/div><\/div><div class=\"wpb_animate_when_almost_visible wpb_fadeInUp fadeInUp wpb_column vc_column_container vc_col-sm-6\"><div class=\"vc_column-inner\"><div class=\"wpb_wrapper\">\n\t<div class=\"wpb_text_column wpb_content_element\" >\n\t\t<div class=\"wpb_wrapper\">\n\t\t\t<h2>Objetivos<\/h2>\n\n\t\t<\/div>\n\t<\/div>\n\n\t<div class=\"wpb_text_column wpb_content_element\" >\n\t\t<div class=\"wpb_wrapper\">\n\t\t\t<p>SpicE tiene como objetivo combinar cuatro elementos clave de educaci\u00f3n reflejados en la investigaci\u00f3n internacional STEAM, el Dise\u00f1o Universal para el Aprendizaje (DUA), la inclusi\u00f3n de los estudiantes de educaci\u00f3n primaria con discapacidades leves y la formaci\u00f3n del profesorado. El desarrollo de competencias como parte de la formaci\u00f3n continua de los profesores es un activo crucial para todos los pa\u00edses. La metodolog\u00eda STEAM constituye una tendencia educativa que todos los pa\u00edses est\u00e1n tratando de incluir en sus planes de estudio. Recientemente, varios Ministerios de Educaci\u00f3n europeos han promovido los laboratorios de habilidades (o conceptos similares), y ya se ha iniciado la formaci\u00f3n de los profesores. Desde este punto de vista, lo que falta es la educaci\u00f3n inclusiva, especialmente para los alumnos con discapacidades leves.<\/p>\n\n\t\t<\/div>\n\t<\/div>\n\n\t<div class=\"wpb_raw_code wpb_content_element wpb_raw_html\" >\n\t\t<div class=\"wpb_wrapper\">\n\t\t\t<a class=\"main-btn\" href=\"https:\/\/spiceacademy.eu\/es\/objectives\/\">Read More<\/a>\n\t\t<\/div>\n\t<\/div>\n<\/div><\/div><\/div><\/div><div class=\"vc_row-full-width vc_clearfix\"><\/div><div id=\"section-3\" data-vc-full-width=\"true\" data-vc-full-width-init=\"false\" class=\"vc_row wpb_row vc_row-fluid wpb_animate_when_almost_visible wpb_bottom-to-top bottom-to-top vc_row-o-content-middle vc_row-flex\"><div class=\"wpb_column vc_column_container vc_col-sm-12\"><div class=\"vc_column-inner\"><div class=\"wpb_wrapper\">\n\t<div class=\"wpb_text_column wpb_content_element\" >\n\t\t<div class=\"wpb_wrapper\">\n\t\t\t<h2 style=\"text-align: center;\">Socios<\/h2>\n\n\t\t<\/div>\n\t<\/div>\n<div class=\"vc_row wpb_row vc_inner vc_row-fluid\"><div class=\"wpb_column vc_column_container vc_col-sm-3\"><div class=\"vc_column-inner\"><div class=\"wpb_wrapper\">\n\t<div  class=\"wpb_single_image wpb_content_element vc_align_center\">\n\t\t\n\t\t<figure class=\"wpb_wrapper vc_figure\">\n\t\t\t<a href=\"https:\/\/www.eap.gr\/\" target=\"_blank\" class=\"vc_single_image-wrapper   vc_box_border_grey\"><img width=\"250\" height=\"150\" src=\"https:\/\/spiceacademy.eu\/wp-content\/uploads\/2022\/09\/p1.png\" class=\"vc_single_image-img attachment-full\" alt=\"p1\" decoding=\"async\" title=\"p1\" loading=\"lazy\" \/><\/a>\n\t\t<\/figure>\n\t<\/div>\n<\/div><\/div><\/div><div class=\"wpb_column vc_column_container vc_col-sm-3\"><div class=\"vc_column-inner\"><div class=\"wpb_wrapper\">\n\t<div  class=\"wpb_single_image wpb_content_element vc_align_center\">\n\t\t\n\t\t<figure class=\"wpb_wrapper vc_figure\">\n\t\t\t<a href=\"http:\/\/daissy.eap.gr\/en\/\" target=\"_blank\" class=\"vc_single_image-wrapper   vc_box_border_grey\"><img width=\"250\" height=\"150\" src=\"https:\/\/spiceacademy.eu\/wp-content\/uploads\/2022\/09\/p2.png\" class=\"vc_single_image-img attachment-full\" alt=\"p2\" decoding=\"async\" title=\"p2\" loading=\"lazy\" \/><\/a>\n\t\t<\/figure>\n\t<\/div>\n<\/div><\/div><\/div><div class=\"wpb_column vc_column_container vc_col-sm-3\"><div class=\"vc_column-inner\"><div class=\"wpb_wrapper\">\n\t<div  class=\"wpb_single_image wpb_content_element vc_align_center\">\n\t\t\n\t\t<figure class=\"wpb_wrapper vc_figure\">\n\t\t\t<a href=\"https:\/\/www.uom.gr\/en\" target=\"_blank\" class=\"vc_single_image-wrapper   vc_box_border_grey\"><img width=\"250\" height=\"150\" src=\"https:\/\/spiceacademy.eu\/wp-content\/uploads\/2022\/09\/p3.png\" class=\"vc_single_image-img attachment-full\" alt=\"p3\" decoding=\"async\" title=\"p3\" loading=\"lazy\" \/><\/a>\n\t\t<\/figure>\n\t<\/div>\n<\/div><\/div><\/div><div class=\"wpb_column vc_column_container vc_col-sm-3\"><div class=\"vc_column-inner\"><div class=\"wpb_wrapper\">\n\t<div  class=\"wpb_single_image wpb_content_element vc_align_center\">\n\t\t\n\t\t<figure class=\"wpb_wrapper vc_figure\">\n\t\t\t<a href=\"https:\/\/read-lab.eu\/\" target=\"_blank\" class=\"vc_single_image-wrapper   vc_box_border_grey\"><img width=\"250\" height=\"150\" src=\"https:\/\/spiceacademy.eu\/wp-content\/uploads\/2022\/09\/p5.jpg\" class=\"vc_single_image-img attachment-full\" alt=\"p5\" decoding=\"async\" title=\"p5\" loading=\"lazy\" \/><\/a>\n\t\t<\/figure>\n\t<\/div>\n<\/div><\/div><\/div><\/div><div class=\"vc_row wpb_row vc_inner vc_row-fluid\"><div class=\"wpb_column vc_column_container vc_col-sm-3\"><div class=\"vc_column-inner\"><div class=\"wpb_wrapper\">\n\t<div  class=\"wpb_single_image wpb_content_element vc_align_center\">\n\t\t\n\t\t<figure class=\"wpb_wrapper vc_figure\">\n\t\t\t<a href=\"https:\/\/www.ucy.ac.cy\/?lang=en\" target=\"_blank\" class=\"vc_single_image-wrapper   vc_box_border_grey\"><img width=\"250\" height=\"150\" src=\"https:\/\/spiceacademy.eu\/wp-content\/uploads\/2022\/09\/p6.png\" class=\"vc_single_image-img attachment-full\" alt=\"p6\" decoding=\"async\" title=\"p6\" loading=\"lazy\" \/><\/a>\n\t\t<\/figure>\n\t<\/div>\n<\/div><\/div><\/div><div class=\"wpb_column vc_column_container vc_col-sm-3\"><div class=\"vc_column-inner\"><div class=\"wpb_wrapper\">\n\t<div  class=\"wpb_single_image wpb_content_element vc_align_center\">\n\t\t\n\t\t<figure class=\"wpb_wrapper vc_figure\">\n\t\t\t<a href=\"http:\/\/www.moec.gov.cy\/en\/\" target=\"_blank\" class=\"vc_single_image-wrapper   vc_box_border_grey\"><img width=\"250\" height=\"150\" src=\"https:\/\/spiceacademy.eu\/wp-content\/uploads\/2022\/10\/p11.jpg\" class=\"vc_single_image-img attachment-full\" alt=\"p11\" decoding=\"async\" title=\"p11\" loading=\"lazy\" \/><\/a>\n\t\t<\/figure>\n\t<\/div>\n<\/div><\/div><\/div><div class=\"wpb_column vc_column_container vc_col-sm-3\"><div class=\"vc_column-inner\"><div class=\"wpb_wrapper\">\n\t<div  class=\"wpb_single_image wpb_content_element vc_align_center\">\n\t\t\n\t\t<figure class=\"wpb_wrapper vc_figure\">\n\t\t\t<a href=\"https:\/\/www.dipku-sz.net\/\" target=\"_blank\" class=\"vc_single_image-wrapper   vc_box_border_grey\"><img width=\"250\" height=\"150\" src=\"https:\/\/spiceacademy.eu\/wp-content\/uploads\/2022\/09\/p7.png\" class=\"vc_single_image-img attachment-full\" alt=\"p7\" decoding=\"async\" title=\"p7\" loading=\"lazy\" \/><\/a>\n\t\t<\/figure>\n\t<\/div>\n<\/div><\/div><\/div><div class=\"wpb_column vc_column_container vc_col-sm-3\"><div class=\"vc_column-inner\"><div class=\"wpb_wrapper\">\n\t<div  class=\"wpb_single_image wpb_content_element vc_align_center\">\n\t\t\n\t\t<figure class=\"wpb_wrapper vc_figure\">\n\t\t\t<a href=\"https:\/\/www.podkrepa-obrazovanie.com\/en\/\" target=\"_blank\" class=\"vc_single_image-wrapper   vc_box_border_grey\"><img width=\"250\" height=\"150\" src=\"https:\/\/spiceacademy.eu\/wp-content\/uploads\/2022\/09\/p-11.png\" class=\"vc_single_image-img attachment-full\" alt=\"p-11\" decoding=\"async\" title=\"p-11\" loading=\"lazy\" \/><\/a>\n\t\t<\/figure>\n\t<\/div>\n<\/div><\/div><\/div><\/div><div class=\"vc_row wpb_row vc_inner vc_row-fluid\"><div class=\"wpb_column vc_column_container vc_col-sm-3\"><div class=\"vc_column-inner\"><div class=\"wpb_wrapper\">\n\t<div  class=\"wpb_single_image wpb_content_element vc_align_center\">\n\t\t\n\t\t<figure class=\"wpb_wrapper vc_figure\">\n\t\t\t<a href=\"http:\/\/smirnenski.com\/en\" target=\"_blank\" class=\"vc_single_image-wrapper   vc_box_border_grey\"><img width=\"250\" height=\"150\" src=\"https:\/\/spiceacademy.eu\/wp-content\/uploads\/2022\/09\/p8.png\" class=\"vc_single_image-img attachment-full\" alt=\"p8\" decoding=\"async\" title=\"p8\" loading=\"lazy\" \/><\/a>\n\t\t<\/figure>\n\t<\/div>\n<\/div><\/div><\/div><div class=\"wpb_column vc_column_container vc_col-sm-3\"><div class=\"vc_column-inner\"><div class=\"wpb_wrapper\">\n\t<div  class=\"wpb_single_image wpb_content_element vc_align_center\">\n\t\t\n\t\t<figure class=\"wpb_wrapper vc_figure\">\n\t\t\t<a href=\"https:\/\/www.ua.es\" target=\"_blank\" class=\"vc_single_image-wrapper   vc_box_border_grey\"><img width=\"250\" height=\"150\" src=\"https:\/\/spiceacademy.eu\/wp-content\/uploads\/2022\/09\/p9.png\" class=\"vc_single_image-img attachment-full\" alt=\"p9\" decoding=\"async\" title=\"p9\" loading=\"lazy\" \/><\/a>\n\t\t<\/figure>\n\t<\/div>\n<\/div><\/div><\/div><div class=\"wpb_column vc_column_container vc_col-sm-3\"><div class=\"vc_column-inner\"><div class=\"wpb_wrapper\">\n\t<div  class=\"wpb_single_image wpb_content_element vc_align_left\">\n\t\t\n\t\t<figure class=\"wpb_wrapper vc_figure\">\n\t\t\t<a href=\"http:\/\/www.eun.org\/\" target=\"_blank\" class=\"vc_single_image-wrapper   vc_box_border_grey\"><img width=\"250\" height=\"101\" src=\"https:\/\/spiceacademy.eu\/wp-content\/uploads\/2024\/09\/EUN_new-logo_2017--e1725609050686.png\" class=\"vc_single_image-img attachment-full\" alt=\"\" decoding=\"async\" title=\"EUN_new-logo_2017\" loading=\"lazy\" \/><\/a>\n\t\t<\/figure>\n\t<\/div>\n<\/div><\/div><\/div><div class=\"wpb_column vc_column_container vc_col-sm-3\"><div class=\"vc_column-inner\"><div class=\"wpb_wrapper\"><\/div><\/div><\/div><\/div><\/div><\/div><\/div><\/div><div class=\"vc_row-full-width vc_clearfix\"><\/div>\n<\/div>","protected":false},"excerpt":{"rendered":null,"protected":false},"author":1,"featured_media":0,"parent":0,"menu_order":0,"comment_status":"closed","ping_status":"open","template":"page-full.php","meta":{"_bbp_topic_count":0,"_bbp_reply_count":0,"_bbp_total_topic_count":0,"_bbp_total_reply_count":0,"_bbp_voice_count":0,"_bbp_anonymous_reply_count":0,"_bbp_topic_count_hidden":0,"_bbp_reply_count_hidden":0,"_bbp_forum_subforum_count":0,"footnotes":""},"_links":{"self":[{"href":"https:\/\/spiceacademy.eu\/es\/wp-json\/wp\/v2\/pages\/2"}],"collection":[{"href":"https:\/\/spiceacademy.eu\/es\/wp-json\/wp\/v2\/pages"}],"about":[{"href":"https:\/\/spiceacademy.eu\/es\/wp-json\/wp\/v2\/types\/page"}],"author":[{"embeddable":true,"href":"https:\/\/spiceacademy.eu\/es\/wp-json\/wp\/v2\/users\/1"}],"replies":[{"embeddable":true,"href":"https:\/\/spiceacademy.eu\/es\/wp-json\/wp\/v2\/comments?post=2"}],"version-history":[{"count":0,"href":"https:\/\/spiceacademy.eu\/es\/wp-json\/wp\/v2\/pages\/2\/revisions"}],"wp:attachment":[{"href":"https:\/\/spiceacademy.eu\/es\/wp-json\/wp\/v2\/media?parent=2"}],"curies":[{"name":"wp","href":"https:\/\/api.w.org\/{rel}","templated":true}]}}